{"id":17,"date":"2016-10-27T19:27:25","date_gmt":"2016-10-27T19:27:25","guid":{"rendered":"http:\/\/www.bunkertattoo.nl\/dev\/?page_id=17"},"modified":"2024-02-26T10:57:00","modified_gmt":"2024-02-26T10:57:00","slug":"werkwijze-tattoo","status":"publish","type":"page","link":"https:\/\/www.bunkertattoo.com\/nl\/werkwijze-tattoo\/","title":{"rendered":"Hoe werken we"},"content":{"rendered":"[mk_page_section bg_image=&#8221;http:\/\/www.bunkertattoo.nl\/dev\/wp-content\/uploads\/2016\/10\/bunker_sfeer_01.jpg&#8221; bg_stretch=&#8221;true&#8221; enable_3d=&#8221;true&#8221; full_width=&#8221;true&#8221; full_height=&#8221;true&#8221; top_shape_color=&#8221;#ffffff&#8221; has_bottom_shape_divider=&#8221;true&#8221; bottom_shape_color=&#8221;#593d3d&#8221; bottom_shape_bg_color=&#8221;rgba(89,61,61,0.01)&#8221; sidebar=&#8221;sidebar-1&#8243;][vc_column][mk_fancy_title color=&#8221;#ffffff&#8221; size=&#8221;50&#8243; txt_transform=&#8221;uppercase&#8221; font_family=&#8221;none&#8221; align=&#8221;center&#8221;]Hoe we werken[\/mk_fancy_title][\/vc_column][\/mk_page_section][mk_page_section bg_color=&#8221;#593d3d&#8221; bg_repeat=&#8221;no-repeat&#8221; bg_stretch=&#8221;true&#8221; full_width=&#8221;true&#8221; top_shape_color=&#8221;#594a14&#8243; top_shape_bg_color=&#8221;rgba(0,0,0,0.01)&#8221; bottom_shape_color=&#8221;#ffffff&#8221; sidebar=&#8221;sidebar-1&#8243;][vc_column][mk_fancy_title color=&#8221;#ffffff&#8221; size=&#8221;50&#8243; font_family=&#8221;none&#8221; align=&#8221;center&#8221;]\n<h2>Dit is onze werkwijze<\/h2>\n[\/mk_fancy_title][mk_title_box color=&#8221;#ffffff&#8221; font_family=&#8221;none&#8221; animation=&#8221;fade-in&#8221;]Bij Bunker Tattoo vinden we de kwaliteit van onze tatoeages het allerbelangrijkste. Het maakt niet uit of het om een kleine tatoeage op je pols, een enorm old school rugstuk of een portret van je opa gaat. Jezelf laten tatoe\u00ebren doe je nu eenmaal niet dagelijks. En daarom maken wij er een memorabele ervaring van. We zijn pas tevreden als je met een grote glimlach de deur uit gaat. Een perfecte tatoeage begint met een goed idee en een schitterend ontwerp.<\/p>\n<p>Onze ervaren tatoe\u00eberders ontwerpen alle tatoeages bij Bunker Tattoo. Jij komt met een goed idee (of een voorbeeld als dat nodig is) en wij zorgen ervoor dat degene die het beste bij jouw idee en de gewenste stijl past, de tatoeage voor je tekent. Kijk op de pagina Inspiratie voor het werk van onze tatoe\u00eberders. We gebruiken de beste materialen en inkt van de hoogste kwaliteit. En natuurlijk werken we altijd onder hygi\u00ebnische omstandigheden.<\/p>\n<p>We zijn enorm trots dat we klanten hebben die vanuit de hele wereld naar ons toe komen. Dat houdt ook in dat we een wachtlijst hebben. We hebben een getalenteerd team van tatoe\u00eberders met verschillende stijlen en grappen, maar allemaal met dezelfde passie voor inkt.<\/p>\n<p><b>Loop gerust binnen, we bijten niet!<span class=\"Apple-converted-space\">\u00a0<\/span><\/b>[\/mk_title_box][\/vc_column][\/mk_page_section][mk_page_section bg_image=&#8221;http:\/\/www.bunkertattoo.nl\/dev\/wp-content\/uploads\/2016\/11\/bunker_intake.jpg&#8221; bg_position=&#8221;center center&#8221; bg_stretch=&#8221;true&#8221; enable_3d=&#8221;true&#8221; full_width=&#8221;true&#8221; top_shape_color=&#8221;#ffffff&#8221; has_bottom_shape_divider=&#8221;true&#8221; bottom_shape_color=&#8221;#ffffff&#8221; bottom_shape_bg_color=&#8221;rgba(89,61,61,0.01)&#8221; sidebar=&#8221;sidebar-1&#8243;][vc_column][mk_fancy_title color=&#8221;#ffffff&#8221; size=&#8221;50&#8243; txt_transform=&#8221;uppercase&#8221; font_family=&#8221;none&#8221; align=&#8221;center&#8221;]Intake[\/mk_fancy_title][\/vc_column][\/mk_page_section][mk_page_section bg_color=&#8221;#ffffff&#8221; bg_repeat=&#8221;no-repeat&#8221; bg_stretch=&#8221;true&#8221; full_width=&#8221;true&#8221; top_shape_color=&#8221;#594a14&#8243; top_shape_bg_color=&#8221;rgba(0,0,0,0.01)&#8221; bottom_shape_color=&#8221;#ffffff&#8221; sidebar=&#8221;sidebar-1&#8243;][vc_column width=&#8221;1\/3&#8243;][\/vc_column][vc_column width=&#8221;1\/3&#8243;][vc_column_text css=&#8221;.vc_custom_1667299614998{margin-bottom: 0px !important;}&#8221;]We verwelkomen je in onze shop voor een persoonlijk advies. Onze tatoe\u00eberders zijn altijd enthousiast om voor jouw een goed ontwerp te tekenen. We hebben het over stijl, grootte en de plaatsing van je tattoo. In onze shop hebben we ontzettend veel boeken en voorbeelden ter inspiratie. Eigen inspiratie meenemen mag natuurlijk ook. We nemen de tijd om van je idee een te gekke tatoeage te tekenen.[\/vc_column_text][\/vc_column][vc_column width=&#8221;1\/3&#8243;][\/vc_column][\/mk_page_section][mk_page_section bg_image=&#8221;http:\/\/www.bunkertattoo.nl\/dev\/wp-content\/uploads\/2016\/11\/bunker_drawing.jpg&#8221; bg_stretch=&#8221;true&#8221; enable_3d=&#8221;true&#8221; full_width=&#8221;true&#8221; top_shape_color=&#8221;#ffffff&#8221; has_bottom_shape_divider=&#8221;true&#8221; bottom_shape_color=&#8221;#ffffff&#8221; bottom_shape_bg_color=&#8221;rgba(89,61,61,0.01)&#8221; sidebar=&#8221;sidebar-1&#8243;][vc_column][mk_fancy_title color=&#8221;#ffffff&#8221; size=&#8221;50&#8243; txt_transform=&#8221;uppercase&#8221; font_family=&#8221;none&#8221; align=&#8221;center&#8221;]Het ontwerpen[\/mk_fancy_title][\/vc_column][\/mk_page_section][mk_page_section bg_color=&#8221;#ffffff&#8221; bg_repeat=&#8221;no-repeat&#8221; bg_stretch=&#8221;true&#8221; full_width=&#8221;true&#8221; top_shape_color=&#8221;#594a14&#8243; top_shape_bg_color=&#8221;rgba(0,0,0,0.01)&#8221; bottom_shape_color=&#8221;#ffffff&#8221; sidebar=&#8221;sidebar-1&#8243;][vc_column width=&#8221;1\/3&#8243;][\/vc_column][vc_column width=&#8221;1\/3&#8243;][vc_column_text css=&#8221;.vc_custom_1667299316053{margin-bottom: 0px !important;}&#8221;]Je afspraak staat gepland! Op de dag van je afspraak ga je met je tatoe\u00eberder zitten om je idee uitvoerig te bespreken. Vervolgens gaat hij met je idee aan de slag. Het kan even duren voordat hij je ontwerp presenteert, maar dat hangt natuurlijk af van de complexiteit van je idee. Gelukkig is wachten bij Bunker Tattoo niet zo vervelend. Er is voldoende inspiratie aanwezig om je te vermaken: bordspellen, boeken, tijdschriften, eten en drinken. Ook de crew zal je zo af en toe verrassend kunnen vermaken. Als het ontwerp getekend is, ga je het samen bespreken. Daarna worden eventuele wijzigingen voor je doorgevoerd. Uiteindelijk is het ontwerp perfect en gaan we het op je lichaam plaatsen.[\/vc_column_text][\/vc_column][vc_column width=&#8221;1\/3&#8243;][\/vc_column][\/mk_page_section][mk_page_section bg_image=&#8221;http:\/\/www.bunkertattoo.nl\/dev\/wp-content\/uploads\/2016\/11\/bunker_tattooing.jpg&#8221; bg_position=&#8221;center center&#8221; bg_stretch=&#8221;true&#8221; enable_3d=&#8221;true&#8221; full_width=&#8221;true&#8221; top_shape_color=&#8221;#ffffff&#8221; has_bottom_shape_divider=&#8221;true&#8221; bottom_shape_color=&#8221;#ffffff&#8221; bottom_shape_bg_color=&#8221;rgba(89,61,61,0.01)&#8221; sidebar=&#8221;sidebar-1&#8243;][vc_column][mk_fancy_title color=&#8221;#ffffff&#8221; size=&#8221;50&#8243; txt_transform=&#8221;uppercase&#8221; font_family=&#8221;none&#8221; align=&#8221;center&#8221;]Het tatoe\u00ebren[\/mk_fancy_title][\/vc_column][\/mk_page_section][mk_page_section bg_color=&#8221;#ffffff&#8221; bg_repeat=&#8221;no-repeat&#8221; bg_stretch=&#8221;true&#8221; full_width=&#8221;true&#8221; top_shape_color=&#8221;#594a14&#8243; top_shape_bg_color=&#8221;rgba(0,0,0,0.01)&#8221; bottom_shape_color=&#8221;#ffffff&#8221; sidebar=&#8221;sidebar-1&#8243;][vc_column width=&#8221;1\/3&#8243;][\/vc_column][vc_column width=&#8221;1\/3&#8243;][vc_column_text css=&#8221;.vc_custom_1667299333052{margin-bottom: 0px !important;}&#8221;]Zodra de tekening precies is wat je wil, gaan we hem met een soort sticker op je huid plakken. Als de plaatsing en de maat goed zijn, kunnen we beginnen met tatoe\u00ebren. Zorg dat je goed gegeten en geslapen hebt v\u00f3\u00f3r je afspraak. Hoe meer energie je meebrengt, hoe fijner de ervaring. Wij bereiden ons altijd goed voor, dus doe dat zelf ook. We zijn geen fabrieksarbeiders, maar geloven in kwaliteit. Daarom nemen we de tijd voor jou gedurende de hele ervaring. Dus mocht je tattoo niet af komen, dan is dat altijd uit kwaliteitsoverwegingen. Bij het maken van tatoeages kun je je nu eenmaal niet haasten. Tatoe\u00ebren is een creatief proces en wij geloven dat tijd daar ondergeschikt aan is.[\/vc_column_text][\/vc_column][vc_column width=&#8221;1\/3&#8243;][\/vc_column][\/mk_page_section][mk_page_section bg_image=&#8221;http:\/\/www.bunkertattoo.nl\/dev\/wp-content\/uploads\/2016\/11\/bunker_aftercare.jpg&#8221; bg_position=&#8221;center center&#8221; bg_stretch=&#8221;true&#8221; enable_3d=&#8221;true&#8221; full_width=&#8221;true&#8221; top_shape_color=&#8221;#ffffff&#8221; has_bottom_shape_divider=&#8221;true&#8221; bottom_shape_color=&#8221;#ffffff&#8221; bottom_shape_bg_color=&#8221;rgba(89,61,61,0.01)&#8221; sidebar=&#8221;sidebar-1&#8243;][vc_column][mk_fancy_title color=&#8221;#ffffff&#8221; size=&#8221;50&#8243; txt_transform=&#8221;uppercase&#8221; font_family=&#8221;none&#8221; align=&#8221;center&#8221;]De nazorg[\/mk_fancy_title][\/vc_column][\/mk_page_section][mk_page_section bg_color=&#8221;#ffffff&#8221; bg_repeat=&#8221;no-repeat&#8221; bg_stretch=&#8221;true&#8221; full_width=&#8221;true&#8221; top_shape_color=&#8221;#594a14&#8243; top_shape_bg_color=&#8221;rgba(0,0,0,0.01)&#8221; bottom_shape_color=&#8221;#ffffff&#8221; sidebar=&#8221;sidebar-1&#8243;][vc_column width=&#8221;1\/3&#8243;][\/vc_column][vc_column width=&#8221;1\/3&#8243;][vc_column_text css=&#8221;.vc_custom_1667299390630{margin-bottom: 0px !important;}&#8221;]Je bent klaar! Woehoe! En nu je dat geweldige stukje kunst op je huid hebt, is het tijd om het over nazorg te hebben. Dit is een enorm belangrijk gedeelte van het tatoeageproces. De verzorging van je tattoo tijdens het genezingsproces kan hem maken of breken. Na het tatoe\u00ebren maken wij je tatoeage goed schoon en pakken we hem hygi\u00ebnisch in met folie. Vervolgens legt een van onze medewerkers je uit hoe je de tatoeage precies moet behandelen, zodat ie perfect kan genezen.<\/p>\n<p>Het is de bedoeling dat je de aangebrachte folie een paar uur (ongeveer 3) laat zitten. Daarna maak je je tatoeage goed schoon met lauw water, smeer je er een dun laagje zalf op en pak je hem weer in met folie. Dit herhaal je de komende 2 dagen om de 4 uur. Daarnaast is het belangrijk om je lichaam goed te verzorgen. Goed eten en slapen doet wonderen. Zo zal je tatoeage sneller en beter genezen. Stel hem niet bloot aan direct zonlicht en ga zeker twee weken niet in bad of naar de sauna. Douchen mag wel! Na twee weken is je tattoo genezen. Je huid kan dan nog wat glimmend zijn. Het echte resultaat zie je pas na een paar maanden. Heel veel plezier met je nieuwe aanwinst. We zien je snel terug voor de volgende! :D[\/vc_column_text][\/vc_column][vc_column width=&#8221;1\/3&#8243;][\/vc_column][\/mk_page_section]\n","protected":false},"excerpt":{"rendered":"<p>[mk_page_section bg_image=&#8221;http:\/\/www.bunkertattoo.nl\/dev\/wp-content\/uploads\/2016\/10\/bunker_sfeer_01.jpg&#8221; bg_stretch=&#8221;true&#8221; enable_3d=&#8221;true&#8221; full_width=&#8221;true&#8221; full_height=&#8221;true&#8221; top_shape_color=&#8221;#ffffff&#8221; has_bottom_shape_divider=&#8221;true&#8221; bottom_shape_color=&#8221;#593d3d&#8221; bottom_shape_bg_color=&#8221;rgba(89,61,61,0.01)&#8221; sidebar=&#8221;sidebar-1&#8243;][vc_column][mk_fancy_title color=&#8221;#ffffff&#8221; size=&#8221;50&#8243; txt_transform=&#8221;uppercase&#8221; font_family=&#8221;none&#8221; align=&#8221;center&#8221;]Hoe we werken[\/mk_fancy_title][\/vc_column][\/mk_page_section][mk_page_section bg_color=&#8221;#593d3d&#8221; bg_repeat=&#8221;no-repeat&#8221; bg_stretch=&#8221;true&#8221; full_width=&#8221;true&#8221; top_shape_color=&#8221;#594a14&#8243; top_shape_bg_color=&#8221;rgba(0,0,0,0.01)&#8221; bottom_shape_color=&#8221;#ffffff&#8221; sidebar=&#8221;sidebar-1&#8243;][vc_column][mk_fancy_title color=&#8221;#ffffff&#8221; size=&#8221;50&#8243; font_family=&#8221;none&#8221; align=&#8221;center&#8221;] Dit is onze werkwijze [\/mk_fancy_title][mk_title_box color=&#8221;#ffffff&#8221; font_family=&#8221;none&#8221; animation=&#8221;fade-in&#8221;]Bij Bunker Tattoo vinden we de kwaliteit van onze tatoeages het allerbelangrijkste. Het maakt niet uit of het [&hellip;]<\/p>\n","protected":false},"author":1,"featured_media":0,"parent":0,"menu_order":0,"comment_status":"closed","ping_status":"closed","template":"","meta":{"footnotes":""},"class_list":["post-17","page","type-page","status-publish","hentry"],"yoast_head":"<!-- This site is optimized with the Yoast SEO Premium plugin v24.2 (Yoast SEO v27.5) - https:\/\/yoast.com\/product\/yoast-seo-premium-wordpress\/ -->\n<title>Hoe werken we - Bunker Tattoo - Quality tattoos<\/title>\n<meta name=\"description\" content=\"Ontdek de zorgvuldige werkwijze van onze professionele tattooshop, waar vakmanschap en hygi\u00ebne voorop staan. Onze getalenteerde tattoo-artiesten luisteren naar uw wensen en cre\u00ebren unieke ontwerpen met precisie en passie.\" \/>\n<meta name=\"robots\" content=\"index, follow, max-snippet:-1, max-image-preview:large, max-video-preview:-1\" \/>\n<link rel=\"canonical\" href=\"https:\/\/www.bunkertattoo.com\/nl\/werkwijze-tattoo\/\" \/>\n<meta property=\"og:locale\" content=\"en_US\" \/>\n<meta property=\"og:type\" content=\"article\" \/>\n<meta property=\"og:title\" content=\"Hoe werken we\" \/>\n<meta property=\"og:description\" content=\"Ontdek de zorgvuldige werkwijze van onze professionele tattooshop, waar vakmanschap en hygi\u00ebne voorop staan. Onze getalenteerde tattoo-artiesten luisteren naar uw wensen en cre\u00ebren unieke ontwerpen met precisie en passie.\" \/>\n<meta property=\"og:url\" content=\"https:\/\/www.bunkertattoo.com\/nl\/werkwijze-tattoo\/\" \/>\n<meta property=\"og:site_name\" content=\"Bunker Tattoo - Quality tattoos\" \/>\n<meta property=\"article:publisher\" content=\"https:\/\/www.facebook.com\/bunkertattoobreda\/\" \/>\n<meta property=\"article:modified_time\" content=\"2024-02-26T10:57:00+00:00\" \/>\n<meta property=\"og:image\" content=\"https:\/\/www.bunkertattoo.com\/nl\/wp-content\/uploads\/2016\/10\/bunkertattoo_13.jpg\" \/>\n\t<meta property=\"og:image:width\" content=\"1024\" \/>\n\t<meta property=\"og:image:height\" content=\"682\" \/>\n\t<meta property=\"og:image:type\" content=\"image\/jpeg\" \/>\n<meta name=\"twitter:card\" content=\"summary_large_image\" \/>\n<meta name=\"twitter:label1\" content=\"Est. reading time\" \/>\n\t<meta name=\"twitter:data1\" content=\"4 minutes\" \/>\n<script type=\"application\/ld+json\" class=\"yoast-schema-graph\">{\"@context\":\"https:\\\/\\\/schema.org\",\"@graph\":[{\"@type\":\"WebPage\",\"@id\":\"https:\\\/\\\/www.bunkertattoo.com\\\/nl\\\/werkwijze-tattoo\\\/\",\"url\":\"https:\\\/\\\/www.bunkertattoo.com\\\/nl\\\/werkwijze-tattoo\\\/\",\"name\":\"Hoe werken we - Bunker Tattoo - Quality tattoos\",\"isPartOf\":{\"@id\":\"https:\\\/\\\/www.bunkertattoo.com\\\/nl\\\/#website\"},\"datePublished\":\"2016-10-27T19:27:25+00:00\",\"dateModified\":\"2024-02-26T10:57:00+00:00\",\"description\":\"Ontdek de zorgvuldige werkwijze van onze professionele tattooshop, waar vakmanschap en hygi\u00ebne voorop staan. Onze getalenteerde tattoo-artiesten luisteren naar uw wensen en cre\u00ebren unieke ontwerpen met precisie en passie.\",\"breadcrumb\":{\"@id\":\"https:\\\/\\\/www.bunkertattoo.com\\\/nl\\\/werkwijze-tattoo\\\/#breadcrumb\"},\"inLanguage\":\"en-US\",\"potentialAction\":[{\"@type\":\"ReadAction\",\"target\":[\"https:\\\/\\\/www.bunkertattoo.com\\\/nl\\\/werkwijze-tattoo\\\/\"]}]},{\"@type\":\"BreadcrumbList\",\"@id\":\"https:\\\/\\\/www.bunkertattoo.com\\\/nl\\\/werkwijze-tattoo\\\/#breadcrumb\",\"itemListElement\":[{\"@type\":\"ListItem\",\"position\":1,\"name\":\"Home\",\"item\":\"https:\\\/\\\/www.bunkertattoo.com\\\/nl\\\/\"},{\"@type\":\"ListItem\",\"position\":2,\"name\":\"Hoe werken we\"}]},{\"@type\":\"WebSite\",\"@id\":\"https:\\\/\\\/www.bunkertattoo.com\\\/nl\\\/#website\",\"url\":\"https:\\\/\\\/www.bunkertattoo.com\\\/nl\\\/\",\"name\":\"Bunker Tattoo - Quality tattoos\",\"description\":\"Bunker Tattoo: Where Your Ink Dreams Take Flight in Breda!\",\"publisher\":{\"@id\":\"https:\\\/\\\/www.bunkertattoo.com\\\/nl\\\/#organization\"},\"alternateName\":\"Bunker Tattoo Breda\",\"potentialAction\":[{\"@type\":\"SearchAction\",\"target\":{\"@type\":\"EntryPoint\",\"urlTemplate\":\"https:\\\/\\\/www.bunkertattoo.com\\\/nl\\\/?s={search_term_string}\"},\"query-input\":{\"@type\":\"PropertyValueSpecification\",\"valueRequired\":true,\"valueName\":\"search_term_string\"}}],\"inLanguage\":\"en-US\"},{\"@type\":\"Organization\",\"@id\":\"https:\\\/\\\/www.bunkertattoo.com\\\/nl\\\/#organization\",\"name\":\"Bunker Tattoo\",\"alternateName\":\"Bunker Tattoo: Where Your Ink Dreams Take Flight in Breda!\",\"url\":\"https:\\\/\\\/www.bunkertattoo.com\\\/nl\\\/\",\"logo\":{\"@type\":\"ImageObject\",\"inLanguage\":\"en-US\",\"@id\":\"https:\\\/\\\/www.bunkertattoo.com\\\/nl\\\/#\\\/schema\\\/logo\\\/image\\\/\",\"url\":\"https:\\\/\\\/www.bunkertattoo.com\\\/nl\\\/wp-content\\\/uploads\\\/2024\\\/02\\\/logo_bunker_black.jpg\",\"contentUrl\":\"https:\\\/\\\/www.bunkertattoo.com\\\/nl\\\/wp-content\\\/uploads\\\/2024\\\/02\\\/logo_bunker_black.jpg\",\"width\":168,\"height\":270,\"caption\":\"Bunker Tattoo\"},\"image\":{\"@id\":\"https:\\\/\\\/www.bunkertattoo.com\\\/nl\\\/#\\\/schema\\\/logo\\\/image\\\/\"},\"sameAs\":[\"https:\\\/\\\/www.facebook.com\\\/bunkertattoobreda\\\/\",\"https:\\\/\\\/www.instagram.com\\\/bunkertattoo\\\/\"],\"description\":\"Welcome to Bunker Tattoo, where excellence meets artistry since 2001. With two decades of unparalleled experience, our talented artists have perfected the craft of turning ink into masterpieces. Step into our studio and let your imagination soar as we bring your tattoo dreams to life. Discover why Bunker Tattoo is synonymous with quality and creativity in the world of body art. Book your appointment today and join our legacy of exceptional tattoos.\",\"email\":\"info@bunkertattoo.nl\",\"telephone\":\"0031 (0)76 5141890\",\"legalName\":\"Bunker Tattoo\",\"foundingDate\":\"2001-06-07\",\"publishingPrinciples\":\"https:\\\/\\\/www.bunkertattoo.com\\\/nl\\\/tattoo-blog\\\/\"}]}<\/script>\n<!-- \/ Yoast SEO Premium plugin. -->","yoast_head_json":{"title":"Hoe werken we - Bunker Tattoo - Quality tattoos","description":"Ontdek de zorgvuldige werkwijze van onze professionele tattooshop, waar vakmanschap en hygi\u00ebne voorop staan. Onze getalenteerde tattoo-artiesten luisteren naar uw wensen en cre\u00ebren unieke ontwerpen met precisie en passie.","robots":{"index":"index","follow":"follow","max-snippet":"max-snippet:-1","max-image-preview":"max-image-preview:large","max-video-preview":"max-video-preview:-1"},"canonical":"https:\/\/www.bunkertattoo.com\/nl\/werkwijze-tattoo\/","og_locale":"en_US","og_type":"article","og_title":"Hoe werken we","og_description":"Ontdek de zorgvuldige werkwijze van onze professionele tattooshop, waar vakmanschap en hygi\u00ebne voorop staan. Onze getalenteerde tattoo-artiesten luisteren naar uw wensen en cre\u00ebren unieke ontwerpen met precisie en passie.","og_url":"https:\/\/www.bunkertattoo.com\/nl\/werkwijze-tattoo\/","og_site_name":"Bunker Tattoo - Quality tattoos","article_publisher":"https:\/\/www.facebook.com\/bunkertattoobreda\/","article_modified_time":"2024-02-26T10:57:00+00:00","og_image":[{"width":1024,"height":682,"url":"https:\/\/www.bunkertattoo.com\/nl\/wp-content\/uploads\/2016\/10\/bunkertattoo_13.jpg","type":"image\/jpeg"}],"twitter_card":"summary_large_image","twitter_misc":{"Est. reading time":"4 minutes"},"schema":{"@context":"https:\/\/schema.org","@graph":[{"@type":"WebPage","@id":"https:\/\/www.bunkertattoo.com\/nl\/werkwijze-tattoo\/","url":"https:\/\/www.bunkertattoo.com\/nl\/werkwijze-tattoo\/","name":"Hoe werken we - Bunker Tattoo - Quality tattoos","isPartOf":{"@id":"https:\/\/www.bunkertattoo.com\/nl\/#website"},"datePublished":"2016-10-27T19:27:25+00:00","dateModified":"2024-02-26T10:57:00+00:00","description":"Ontdek de zorgvuldige werkwijze van onze professionele tattooshop, waar vakmanschap en hygi\u00ebne voorop staan. Onze getalenteerde tattoo-artiesten luisteren naar uw wensen en cre\u00ebren unieke ontwerpen met precisie en passie.","breadcrumb":{"@id":"https:\/\/www.bunkertattoo.com\/nl\/werkwijze-tattoo\/#breadcrumb"},"inLanguage":"en-US","potentialAction":[{"@type":"ReadAction","target":["https:\/\/www.bunkertattoo.com\/nl\/werkwijze-tattoo\/"]}]},{"@type":"BreadcrumbList","@id":"https:\/\/www.bunkertattoo.com\/nl\/werkwijze-tattoo\/#breadcrumb","itemListElement":[{"@type":"ListItem","position":1,"name":"Home","item":"https:\/\/www.bunkertattoo.com\/nl\/"},{"@type":"ListItem","position":2,"name":"Hoe werken we"}]},{"@type":"WebSite","@id":"https:\/\/www.bunkertattoo.com\/nl\/#website","url":"https:\/\/www.bunkertattoo.com\/nl\/","name":"Bunker Tattoo - Quality tattoos","description":"Bunker Tattoo: Where Your Ink Dreams Take Flight in Breda!","publisher":{"@id":"https:\/\/www.bunkertattoo.com\/nl\/#organization"},"alternateName":"Bunker Tattoo Breda","potentialAction":[{"@type":"SearchAction","target":{"@type":"EntryPoint","urlTemplate":"https:\/\/www.bunkertattoo.com\/nl\/?s={search_term_string}"},"query-input":{"@type":"PropertyValueSpecification","valueRequired":true,"valueName":"search_term_string"}}],"inLanguage":"en-US"},{"@type":"Organization","@id":"https:\/\/www.bunkertattoo.com\/nl\/#organization","name":"Bunker Tattoo","alternateName":"Bunker Tattoo: Where Your Ink Dreams Take Flight in Breda!","url":"https:\/\/www.bunkertattoo.com\/nl\/","logo":{"@type":"ImageObject","inLanguage":"en-US","@id":"https:\/\/www.bunkertattoo.com\/nl\/#\/schema\/logo\/image\/","url":"https:\/\/www.bunkertattoo.com\/nl\/wp-content\/uploads\/2024\/02\/logo_bunker_black.jpg","contentUrl":"https:\/\/www.bunkertattoo.com\/nl\/wp-content\/uploads\/2024\/02\/logo_bunker_black.jpg","width":168,"height":270,"caption":"Bunker Tattoo"},"image":{"@id":"https:\/\/www.bunkertattoo.com\/nl\/#\/schema\/logo\/image\/"},"sameAs":["https:\/\/www.facebook.com\/bunkertattoobreda\/","https:\/\/www.instagram.com\/bunkertattoo\/"],"description":"Welcome to Bunker Tattoo, where excellence meets artistry since 2001. With two decades of unparalleled experience, our talented artists have perfected the craft of turning ink into masterpieces. Step into our studio and let your imagination soar as we bring your tattoo dreams to life. Discover why Bunker Tattoo is synonymous with quality and creativity in the world of body art. Book your appointment today and join our legacy of exceptional tattoos.","email":"info@bunkertattoo.nl","telephone":"0031 (0)76 5141890","legalName":"Bunker Tattoo","foundingDate":"2001-06-07","publishingPrinciples":"https:\/\/www.bunkertattoo.com\/nl\/tattoo-blog\/"}]}},"_links":{"self":[{"href":"https:\/\/www.bunkertattoo.com\/nl\/wp-json\/wp\/v2\/pages\/17","targetHints":{"allow":["GET"]}}],"collection":[{"href":"https:\/\/www.bunkertattoo.com\/nl\/wp-json\/wp\/v2\/pages"}],"about":[{"href":"https:\/\/www.bunkertattoo.com\/nl\/wp-json\/wp\/v2\/types\/page"}],"author":[{"embeddable":true,"href":"https:\/\/www.bunkertattoo.com\/nl\/wp-json\/wp\/v2\/users\/1"}],"replies":[{"embeddable":true,"href":"https:\/\/www.bunkertattoo.com\/nl\/wp-json\/wp\/v2\/comments?post=17"}],"version-history":[{"count":57,"href":"https:\/\/www.bunkertattoo.com\/nl\/wp-json\/wp\/v2\/pages\/17\/revisions"}],"predecessor-version":[{"id":13499,"href":"https:\/\/www.bunkertattoo.com\/nl\/wp-json\/wp\/v2\/pages\/17\/revisions\/13499"}],"wp:attachment":[{"href":"https:\/\/www.bunkertattoo.com\/nl\/wp-json\/wp\/v2\/media?parent=17"}],"curies":[{"name":"wp","href":"https:\/\/api.w.org\/{rel}","templated":true}]}}